{"id":4636,"date":"2022-05-19T20:45:11","date_gmt":"2022-05-19T19:45:11","guid":{"rendered":"http:\/\/medichesse-com.preview-domain.com\/?page_id=4636"},"modified":"2022-05-19T21:11:43","modified_gmt":"2022-05-19T20:11:43","slug":"privacy-policy","status":"publish","type":"page","link":"https:\/\/medichesse.com\/en\/privacy-policy\/","title":{"rendered":"Privacy Policy"},"content":{"rendered":"\t\t<div data-elementor-type=\"wp-page\" data-elementor-id=\"4636\" class=\"elementor elementor-4636\" data-elementor-post-type=\"page\">\n\t\t\t\t\t\t<section data-particle_enable=\"false\" data-particle-mobile-disabled=\"false\" class=\"elementor-section elementor-top-section elementor-element elementor-element-f24fc18 elementor-section-boxed elementor-section-height-default elementor-section-height-default\" data-id=\"f24fc18\" data-element_type=\"section\" data-e-type=\"section\">\n\t\t\t\t\t\t<div class=\"elementor-container elementor-column-gap-default\">\n\t\t\t\t\t<div class=\"elementor-column elementor-col-100 elementor-top-column elementor-element elementor-element-2e585fa\" data-id=\"2e585fa\" data-element_type=\"column\" data-e-type=\"column\">\n\t\t\t<div class=\"elementor-widget-wrap elementor-element-populated\">\n\t\t\t\t\t\t<div class=\"elementor-element elementor-element-26c9c5f elementor-widget elementor-widget-text-editor\" data-id=\"26c9c5f\" data-element_type=\"widget\" data-e-type=\"widget\" data-widget_type=\"text-editor.default\">\n\t\t\t\t<div class=\"elementor-widget-container\">\n\t\t\t\t\t\t\t\t\t<p>NORMATIVA SULLA PRIVACY<\/p><p>Informativa ai sensi dell&#8217;art. 13 del Codice della Privacy<\/p><p>Ai sensi dell&#8217;articolo 13 del codice della D.Lgs. 196\/2003, vi rendiamo le seguenti informazioni.<\/p><p>Finalit\u00e0 del trattamento<\/p><p>I dati possono essere raccolti per una o pi\u00f9 delle seguenti finalit\u00e0:<br \/>1)fornire l&#8217;accesso ad aree riservate del Portale e di Portali\/siti collegati con il presente e all&#8217;invio di comunicazioni anche di carattere commerciale, notizie, aggiornamenti sulle iniziative di GreenEnergy srl. e delle societ\u00e0 da essa controllate e\/o collegate e\/o Sponsor.<br \/>2)eventuale cessione a terzi dei suddetti dati, sempre finalizzata alla realizzazione di campagne di email marketing ed all&#8217;invio di comunicazioni di carattere commerciale. 3)eseguire gli obblighi previsti da leggi o regolamenti;<br \/>4)gestione contatti;<\/p><p>Modalit\u00e0 del trattamento<\/p><p>I dati verranno trattati con le seguenti modalit\u00e0:<br \/>1)raccolta dati con modalit\u00e0 single-opt, in apposito database;<br \/>2)registrazione ed elaborazione su supporto cartaceo e\/o magnetico;<br \/>3)organizzazione degli archivi in forma prevalentemente automatizzata, ai sensi del Disciplinare Tecnico in materia di misure minime di sicurezza, Allegato B del Codice della Privacy.<\/p><p>Natura obbligatoria<\/p><p>Tutti i dati richiesti contrassegnati sono obbligatori.<\/p><p>Soggetti a cui dati potranno essere comunicati i dati personali<\/p><p>I dati raccolti potranno essere comunicati a:<br \/>1)societ\u00e0 e imprese per usi di direct mailing o attivit\u00e0 analoghe;<br \/>2)associazioni e fondazioni intenzionate ad acquistare spazi pubblicitari sulle liste o sul sito e\/o collegate alla fornitura di un particolare servizio.<br \/>3)soggetti che debbano avere accesso ai dati, come da norme di legge o di normative secondarie e\/o comunitarie.<\/p><p>Diritti dell&#8217;interessato<\/p><p>Ai sensi ai sensi dell&#8217;art. 7 (Diritto di accesso ai dati personali ed altri diritti) del Codice della Privacy, vi segnaliamo che i vostri diritti in ordine al trattamento dei dati sono:<br \/>&#8211; conoscere, mediante accesso gratuito l&#8217;esistenza di trattamenti di dati che possano riguardarvi;<br \/>&#8211; essere informati sulla natura e sulle finalit\u00e0 del trattamento<br \/>&#8211; ottenere a cura del titolare, senza ritardo:<br \/>&#8211; la conferma dell&#8217;esistenza o meno di dati personali che vi riguardano, anche se non ancora registrati, e la comunicazione in forma intellegibile dei medesimi dati e della loro origine, nonch\u00e9 della logica e delle finalit\u00e0 su cui si basa il trattamento; la richiesta pu\u00f2 essere rinnovata, salva l&#8217;esistenza di giustificati motivi, con intervallo non minore di novanta giorni;<br \/>&#8211; la cancellazione, la trasformazione in forma anonima o il blocco dei dati trattati in violazione di legge, compresi quelli di cui non \u00e8 necessaria la conservazione in relazione agli scopi per i quali i dati sono stati raccolti o successivamente trattati;<br \/>&#8211; l&#8217;aggiornamento, la rettifica ovvero, qualora vi abbia interesse, l&#8217;integrazione dei dati esistenti;<br \/>&#8211; opporvi in tutto o in parte per motivi legittimi al trattamento dei dati personali che vi riguardano ancorch\u00e9 pertinenti allo scopo della raccolta;<br \/>&#8211; Vi segnaliamo che il titolare del trattamento ad ogni effetto di legge \u00e8:<\/p><p>Societ\u00e1: LA BOTTEGA DELLE SPEZIE DI MANUELA ZIPPO<br \/>P. IVA: 01032900324<br \/>Indirizzo: V. Combi 12, 34123 TRIESTE (TS)<br \/>Tel\/Fax: 040 303555<br \/>E-mail: info@labottegadellespezie.com<\/p><p>&#8211; Per esercitare i diritti previsti all&#8217;art. 7 del Codice della Privacy ovvero per la cancellazione dei vostri dati dall&#8217;archivio, \u00e8 sufficiente contattarci attraverso uno dei canali messi a disposizione.<br \/>Tutti i dati sono protetti attraverso l&#8217;uso di antivirus, firewall e protezione attraverso password.<\/p><p>Siamo a disposizione per ulteriori chiarimenti.<\/p>\t\t\t\t\t\t\t\t<\/div>\n\t\t\t\t<\/div>\n\t\t\t\t\t<\/div>\n\t\t<\/div>\n\t\t\t\t\t<\/div>\n\t\t<\/section>\n\t\t\t\t<\/div>\n\t\t","protected":false},"excerpt":{"rendered":"<p>NORMATIVA SULLA PRIVACY Informativa ai sensi dell&#8217;art. 13 del Codice della Privacy Ai sensi dell&#8217;articolo 13 del codice della D.Lgs. 196\/2003, vi rendiamo le seguenti &hellip; <\/p>\n","protected":false},"author":1,"featured_media":0,"parent":0,"menu_order":0,"comment_status":"closed","ping_status":"closed","template":"","meta":{"footnotes":""},"class_list":["post-4636","page","type-page","status-publish","hentry","latest_post"],"_links":{"self":[{"href":"https:\/\/medichesse.com\/en\/wp-json\/wp\/v2\/pages\/4636","targetHints":{"allow":["GET"]}}],"collection":[{"href":"https:\/\/medichesse.com\/en\/wp-json\/wp\/v2\/pages"}],"about":[{"href":"https:\/\/medichesse.com\/en\/wp-json\/wp\/v2\/types\/page"}],"author":[{"embeddable":true,"href":"https:\/\/medichesse.com\/en\/wp-json\/wp\/v2\/users\/1"}],"replies":[{"embeddable":true,"href":"https:\/\/medichesse.com\/en\/wp-json\/wp\/v2\/comments?post=4636"}],"version-history":[{"count":0,"href":"https:\/\/medichesse.com\/en\/wp-json\/wp\/v2\/pages\/4636\/revisions"}],"wp:attachment":[{"href":"https:\/\/medichesse.com\/en\/wp-json\/wp\/v2\/media?parent=4636"}],"curies":[{"name":"wp","href":"https:\/\/api.w.org\/{rel}","templated":true}]}}